{"id":396,"date":"2021-08-05T13:41:29","date_gmt":"2021-08-05T11:41:29","guid":{"rendered":"https:\/\/happygardener.gr\/?page_id=396"},"modified":"2021-08-05T13:45:55","modified_gmt":"2021-08-05T11:45:55","slug":"que-encontrara","status":"publish","type":"page","link":"https:\/\/happygardener.gr\/es\/que-encontrara\/","title":{"rendered":"Que encontrara"},"content":{"rendered":"<h1>Nuestra Historia<\/h1>\n<h2>Inspirado por la naturaleza y el sue\u00f1o de una vida sencilla<\/h2>\n<div>\n<p style=\"text-align: center;\">HappyGardener.gr es un esfuerzo por acercarnos la naturaleza, con informaci\u00f3n \u00fatil sobre las propiedades beneficiosas que nos puede ofrecer. Estas son opiniones a trav\u00e9s de la experiencia personal, el cultivo y el estudio, pero no es un blog cient\u00edfico.<\/p>\n<\/div>\n<p><img decoding=\"async\" src=\"\/wp-content\/uploads\/2021\/06\/gallery-home-6.jpg\" alt=\"\"><br \/>\n<img decoding=\"async\" src=\"\/wp-content\/uploads\/illustration-lemon.svg\" alt=\"\"><\/p>\n<ul>\n<li>\n<p>        <img decoding=\"async\" src=\"\/wp-content\/uploads\/journal-post-asparagus-season-fresh-from-the-field-to-the-table-intro.jpg\" alt=\"\"><\/p>\n<h3>Our Story About<\/h3>\n<\/li>\n<li>\n<p>        <img decoding=\"async\" src=\"\/wp-content\/uploads\/journal-post-when-apples-are-in-season-intro.jpg\" alt=\"\"><\/p>\n<h3>Home About<\/h3>\n<\/li>\n<\/ul>\n<p><img decoding=\"async\" src=\"\/wp-content\/uploads\/journal-post-when-apples-are-in-season-intro.jpg\" alt=\"\"><br \/>\n<img decoding=\"async\" src=\"\/wp-content\/uploads\/illustration-melon.svg\" alt=\"\"><\/p>\n<h2>Que vas a encontrar<\/h2>\n<div>\n<p>En los art\u00edculos publicados encontrar\u00e1 informaci\u00f3n \u00fatil sobre el cultivo y cuidado de vegetales y \u00e1rboles, el mantenimiento de hermosos jardines de flores y el esfuerzo por crear una granja aut\u00f3noma.<\/p>\n<p>\u00a1Encontrar\u00e1 informaci\u00f3n \u00fatil sobre las hierbas y el valor nutricional de muchos alimentos, as\u00ed como recetas saludables seleccionadas para toda la familia!<\/p>\n<\/div>\n<h2>Nuestros valores<\/h2>\n<ul>\n<li>\n<p>        <img decoding=\"async\" src=\"\/wp-content\/uploads\/illustration-tulip.svg\" alt=\"\"><\/p>\n<h3>Sustentabilidad<\/h3>\n<div>\n<p>Cultivo y autonom\u00eda<\/p>\n<\/div>\n<\/li>\n<li>\n<p>        <img decoding=\"async\" src=\"\/wp-content\/uploads\/illustration-bear-head.svg\" alt=\"\"><\/p>\n<h3>Amor por los animales<\/h3>\n<div>\n<p>Convivencia y respeto<\/p>\n<\/div>\n<\/li>\n<li>\n<p>        <img decoding=\"async\" src=\"\/wp-content\/uploads\/illustration-lightbulb.svg\" alt=\"\"><\/p>\n<h3>Creatividad<\/h3>\n<\/li>\n<li>\n<p>        <img decoding=\"async\" src=\"\/wp-content\/uploads\/illustration-heart.svg\" alt=\"\"><\/p>\n<h3>Amor y bondad<\/h3>\n<\/li>\n<\/ul>\n<p><!--more--><br \/>\n<!-- {\"name\":\"ti tha vreite\",\"type\":\"layout\",\"children\":[{\"type\":\"section\",\"props\":{\"style\":\"default\",\"width\":\"default\",\"vertical_align\":\"middle\",\"title_position\":\"top-left\",\"title_rotation\":\"left\",\"title_breakpoint\":\"xl\",\"image_position\":\"center-center\",\"padding\":\"xlarge\",\"image\":\"wp-content\\\/uploads\\\/photo-1490750967868-88aa4486c946-scaled.jpg\",\"css\":\"@media (min-width: 960px) {\\n    .el-section > div  {\\n        padding-top: 350px;\\n        padding-bottom: 350px;\\n    }\\n}\",\"image_size\":\"cover\",\"image_width\":\"1840\"},\"children\":[{\"type\":\"row\",\"children\":[{\"type\":\"column\",\"props\":{\"image_position\":\"center-center\",\"media_overlay_gradient\":\"\",\"width_medium\":\"1-1\"},\"children\":[]}]}],\"name\":\"Hero\"},{\"type\":\"section\",\"props\":{\"style\":\"default\",\"width\":\"default\",\"vertical_align\":\"middle\",\"title_position\":\"top-left\",\"title_rotation\":\"left\",\"title_breakpoint\":\"xl\",\"image_position\":\"center-center\",\"padding\":\"large\"},\"children\":[{\"type\":\"row\",\"props\":{\"layout\":\"2-3,1-3\",\"divider\":false,\"column_gap\":\"large\",\"row_gap\":\"large\"},\"children\":[{\"type\":\"column\",\"props\":{\"image_position\":\"center-center\",\"media_overlay_gradient\":\"\",\"width_medium\":\"2-3\"},\"children\":[{\"type\":\"headline\",\"props\":{\"title_element\":\"h1\",\"title_style\":\"h6\",\"title_color\":\"muted\",\"margin\":\"small\",\"text_align\":\"left\",\"text_align_breakpoint\":\"m\",\"text_align_fallback\":\"center\",\"content\":\"Nuestra Historia\"}},{\"type\":\"headline\",\"props\":{\"title_element\":\"h2\",\"margin\":\"medium\",\"maxwidth\":\"xlarge\",\"block_align_breakpoint\":\"m\",\"block_align_fallback\":\"center\",\"text_align\":\"left\",\"text_align_breakpoint\":\"m\",\"text_align_fallback\":\"center\",\"content\":\"Inspirado por la naturaleza y el sue\\u00f1o de una vida sencilla\",\"margin_remove_top\":true}},{\"type\":\"text\",\"props\":{\"margin\":\"xlarge\",\"column_breakpoint\":\"m\",\"maxwidth\":\"2xlarge\",\"maxwidth_breakpoint\":\"m\",\"block_align_breakpoint\":\"m\",\"block_align_fallback\":\"center\",\"text_align\":\"left\",\"content\":\"\n\n<p style=\\\"text-align: center;\\\">HappyGardener.gr es un esfuerzo por acercarnos la naturaleza, con informaci\\u00f3n \\u00fatil sobre las propiedades beneficiosas que nos puede ofrecer. Estas son opiniones a trav\\u00e9s de la experiencia personal, el cultivo y el estudio, pero no es un blog cient\\u00edfico.<\\\/p>\",\"margin_remove_top\":true}},{\"type\":\"image\",\"props\":{\"margin\":\"default\",\"image_svg_color\":\"emphasis\",\"visibility\":\"m\",\"image\":\"wp-content\\\/uploads\\\/2021\\\/06\\\/gallery-home-6.jpg\",\"image_width\":\"760\"}},{\"type\":\"image\",\"props\":{\"margin\":\"default\",\"image_svg_color\":\"emphasis\",\"position\":\"absolute\",\"position_z_index\":\"1\",\"animation\":\"parallax\",\"image\":\"wp-content\\\/uploads\\\/illustration-lemon.svg\",\"image_width\":\"200\",\"position_bottom\":\"6vh\",\"position_left\":\"-2vh\",\"css\":\".el-image { \\n    min-width: 120px;\\n    max-width: 18vw;\\n}\",\"parallax_y_end\":\"-5vh\",\"parallax_y_start\":\"4vh\"}},{\"type\":\"grid\",\"props\":{\"show_title\":false,\"show_meta\":true,\"show_content\":true,\"show_image\":true,\"show_link\":true,\"grid_default\":\"1\",\"grid_medium\":\"\",\"filter_style\":\"tab\",\"filter_all\":true,\"filter_position\":\"top\",\"filter_align\":\"left\",\"filter_grid_width\":\"auto\",\"title_hover_style\":\"reset\",\"title_element\":\"h3\",\"title_align\":\"top\",\"title_grid_width\":\"1-2\",\"meta_style\":\"meta\",\"meta_align\":\"below-title\",\"image_align\":\"top\",\"image_grid_width\":\"1-2\",\"image_svg_color\":\"emphasis\",\"link_text\":\"Read more\",\"link_style\":\"default\",\"margin\":\"default\",\"item_animation\":true,\"grid_small\":\"2\",\"visibility\":\"hidden-m\",\"image_width\":\"610\",\"image_height\":\"795\",\"class\":\"\",\"grid_column_gap\":\"small\",\"grid_row_gap\":\"small\",\"filter_grid_breakpoint\":\"m\",\"title_grid_breakpoint\":\"m\",\"image_grid_breakpoint\":\"m\",\"icon_width\":80,\"meta_element\":\"div\",\"content_column_breakpoint\":\"m\",\"animation\":true},\"children\":[{\"type\":\"grid_item\",\"props\":{\"title\":\"Our Story About\",\"image\":\"wp-content\\\/uploads\\\/journal-post-asparagus-season-fresh-from-the-field-to-the-table-intro.jpg\"}},{\"type\":\"grid_item\",\"props\":{\"title\":\"Home About\",\"image\":\"wp-content\\\/uploads\\\/journal-post-when-apples-are-in-season-intro.jpg\"}}]}]},{\"type\":\"column\",\"props\":{\"image_position\":\"center-center\",\"media_overlay_gradient\":\"\",\"width_medium\":\"1-3\"},\"children\":[{\"type\":\"image\",\"props\":{\"margin\":\"xlarge\",\"image_svg_color\":\"emphasis\",\"visibility\":\"m\",\"image\":\"wp-content\\\/uploads\\\/journal-post-when-apples-are-in-season-intro.jpg\",\"image_width\":\"610\",\"margin_remove_top\":false}},{\"type\":\"image\",\"props\":{\"margin\":\"default\",\"image_svg_color\":\"emphasis\",\"position\":\"absolute\",\"position_z_index\":\"1\",\"text_align\":\"right\",\"animation\":\"parallax\",\"visibility\":\"s\",\"image\":\"wp-content\\\/uploads\\\/illustration-melon.svg\",\"image_width\":\"190\",\"position_top\":\"27vh\",\"position_left\":\"-1vw\",\"css\":\".el-image { max-width:  15vw; }\",\"parallax_target\":false,\"parallax_y_start\":\"8vh\"}},{\"type\":\"headline\",\"props\":{\"title_element\":\"h2\",\"title_style\":\"h4\",\"text_align\":\"left\",\"text_align_breakpoint\":\"m\",\"text_align_fallback\":\"center\",\"content\":\"Que vas a encontrar\",\"margin_remove_bottom\":false}},{\"type\":\"text\",\"props\":{\"margin\":\"default\",\"column_breakpoint\":\"m\",\"content\":\"\n\n<p>En los art\\u00edculos publicados encontrar\\u00e1 informaci\\u00f3n \\u00fatil sobre el cultivo y cuidado de vegetales y \\u00e1rboles, el mantenimiento de hermosos jardines de flores y el esfuerzo por crear una granja aut\\u00f3noma.<\\\/p>\\n\n\n<p>\\u00a1Encontrar\\u00e1 informaci\\u00f3n \\u00fatil sobre las hierbas y el valor nutricional de muchos alimentos, as\\u00ed como recetas saludables seleccionadas para toda la familia!<\\\/p>\"}}]}]}],\"name\":\"About\"},{\"type\":\"section\",\"props\":{\"style\":\"default\",\"width\":\"default\",\"vertical_align\":\"middle\",\"title_position\":\"top-left\",\"title_rotation\":\"left\",\"title_breakpoint\":\"xl\",\"image_position\":\"center-center\",\"padding\":\"xlarge\",\"padding_remove_top\":true},\"children\":[{\"type\":\"row\",\"children\":[{\"type\":\"column\",\"props\":{\"image_position\":\"center-center\",\"media_overlay_gradient\":\"\",\"width_medium\":\"1-1\"},\"children\":[{\"type\":\"headline\",\"props\":{\"title_element\":\"h2\",\"text_align\":\"center\",\"margin\":\"xlarge\",\"content\":\"Nuestros valores\",\"block_align\":\"center\"}},{\"type\":\"grid\",\"props\":{\"show_title\":true,\"show_meta\":true,\"show_content\":true,\"show_image\":true,\"show_link\":true,\"grid_default\":\"1\",\"grid_medium\":\"4\",\"filter_style\":\"tab\",\"filter_all\":true,\"filter_position\":\"top\",\"filter_align\":\"left\",\"filter_grid_width\":\"auto\",\"title_element\":\"h3\",\"title_align\":\"top\",\"title_grid_width\":\"1-2\",\"meta_style\":\"meta\",\"meta_align\":\"below-title\",\"image_align\":\"top\",\"image_grid_width\":\"1-2\",\"image_svg_color\":\"emphasis\",\"link_text\":\"Read more\",\"link_style\":\"default\",\"margin\":\"\",\"item_animation\":true,\"grid_small\":\"2\",\"item_maxwidth\":\"medium\",\"title_style\":\"h5\",\"title_color\":\"muted\",\"text_align\":\"center\",\"title_hover_style\":\"reset\",\"grid_column_gap\":\"large\",\"grid_row_gap\":\"large\",\"filter_grid_breakpoint\":\"m\",\"title_grid_breakpoint\":\"m\",\"image_grid_breakpoint\":\"m\",\"icon_width\":80,\"meta_element\":\"div\",\"content_column_breakpoint\":\"m\",\"animation\":true},\"children\":[{\"type\":\"grid_item\",\"props\":{\"title\":\"Sustentabilidad\",\"image\":\"wp-content\\\/uploads\\\/illustration-tulip.svg\",\"content\":\"\n\n<p>Cultivo y autonom\\u00eda<\\\/p>\"}},{\"type\":\"grid_item\",\"props\":{\"title\":\"Amor por los animales\",\"image\":\"wp-content\\\/uploads\\\/illustration-bear-head.svg\",\"content\":\"\n\n<p>Convivencia y respeto<\\\/p>\"}},{\"type\":\"grid_item\",\"props\":{\"title\":\"Creatividad\",\"image\":\"wp-content\\\/uploads\\\/illustration-lightbulb.svg\",\"content\":\"\"}},{\"type\":\"grid_item\",\"props\":{\"title\":\"Amor y bondad\",\"image\":\"wp-content\\\/uploads\\\/illustration-heart.svg\",\"content\":\"\"}}]}]}]}],\"name\":\"Values\"}],\"version\":\"2.5.8\"} --><\/p>\n","protected":false},"excerpt":{"rendered":"<p>Nuestra Historia Inspirado por la naturaleza y el sue\u00f1o de una vida sencilla HappyGardener.gr es un esfuerzo por acercarnos la naturaleza, con informaci\u00f3n \u00fatil sobre las propiedades beneficiosas que nos puede ofrecer. Estas son opiniones a trav\u00e9s de la experiencia personal, el cultivo y el estudio, pero no es un blog cient\u00edfico. Our Story About [&hellip;]<\/p>\n","protected":false},"author":1,"featured_media":0,"parent":0,"menu_order":0,"comment_status":"closed","ping_status":"closed","template":"","meta":{"footnotes":""},"class_list":["post-396","page","type-page","status-publish","hentry"],"aioseo_notices":[],"_links":{"self":[{"href":"https:\/\/happygardener.gr\/es\/wp-json\/wp\/v2\/pages\/396","targetHints":{"allow":["GET"]}}],"collection":[{"href":"https:\/\/happygardener.gr\/es\/wp-json\/wp\/v2\/pages"}],"about":[{"href":"https:\/\/happygardener.gr\/es\/wp-json\/wp\/v2\/types\/page"}],"author":[{"embeddable":true,"href":"https:\/\/happygardener.gr\/es\/wp-json\/wp\/v2\/users\/1"}],"replies":[{"embeddable":true,"href":"https:\/\/happygardener.gr\/es\/wp-json\/wp\/v2\/comments?post=396"}],"version-history":[{"count":0,"href":"https:\/\/happygardener.gr\/es\/wp-json\/wp\/v2\/pages\/396\/revisions"}],"wp:attachment":[{"href":"https:\/\/happygardener.gr\/es\/wp-json\/wp\/v2\/media?parent=396"}],"curies":[{"name":"wp","href":"https:\/\/api.w.org\/{rel}","templated":true}]}}