{"id":392,"date":"2021-08-05T13:36:48","date_gmt":"2021-08-05T11:36:48","guid":{"rendered":"https:\/\/happygardener.gr\/?page_id=392"},"modified":"2021-09-02T08:10:12","modified_gmt":"2021-09-02T06:10:12","slug":"inicio","status":"publish","type":"page","link":"https:\/\/happygardener.gr\/es\/","title":{"rendered":"Inicio"},"content":{"rendered":"<h1>Happy Gardener<\/h1>\n<div>Naturaleza y Nutrici\u00f3n<\/div>\n<h2>\u00a1Todo lo que necesita saber, desde jardiner\u00eda hasta una nutrici\u00f3n adecuada!<\/h2>\n<ul>\n<li>\n<p>        <img decoding=\"async\" src=\"\/wp-content\/uploads\/2021\/05\/garden-home.jpg\" alt=\"\"><\/p>\n<h3>Jard\u00edn<\/h3>\n<div>\n<p>Consejos de jardiner\u00eda<\/p>\n<\/div>\n<p><a href=\"https:\/\/happygardener.gr\/es\/category\/jardin-y-naturaleza\/\"><\/a><\/p>\n<\/li>\n<li>\n<p>        <img decoding=\"async\" src=\"\/wp-content\/uploads\/2021\/05\/diatrofi-home.jpg\" alt=\"\"><\/p>\n<h3>Nutricion<\/h3>\n<div>\n<p>Consejos de salud y bienestar<\/p>\n<\/div>\n<p><a href=\"https:\/\/happygardener.gr\/es\/category\/dieta\/\"><\/a><\/p>\n<\/li>\n<li>\n<p>        <img decoding=\"async\" src=\"\/wp-content\/uploads\/2021\/05\/natural-cosmetics-home.jpg\" alt=\"\"><\/p>\n<h3>DIY creaciones<\/h3>\n<div>\n<p>Cosm\u00e9ticos y detergentes caseros<\/p>\n<\/div>\n<p><a href=\"https:\/\/happygardener.gr\/es\/category\/cosmetica-natural\/\"><\/a><\/p>\n<\/li>\n<li>\n<p>        <img decoding=\"async\" src=\"\/wp-content\/uploads\/2021\/05\/moon-calendar-home.jpg\" alt=\"\"><\/p>\n<h3>Calendario Lunar<\/h3>\n<div>\n<p>Para jardiner\u00eda y cuidado personal<\/p>\n<\/div>\n<p><a href=\"https:\/\/happygardener.gr\/es\/category\/calendario-lunar\/\"><\/a><\/p>\n<\/li>\n<\/ul>\n<div>Peque\u00f1a granja<\/div>\n<h2>\u00a1Cultiva tus propias frutas y verduras!<\/h2>\n<div>\n<p>\u00a1Desde el cultivo de una huerta y el cuidado de nuestros \u00e1rboles, hasta el cuidado de nuestras mascotas!<\/p>\n<\/div>\n<ul>\n<li>\n<p>        <img decoding=\"async\" src=\"\/wp-content\/uploads\/2021\/06\/gallery-home-1.jpg\" alt=\"\"><\/p>\n<h3>Huerto de vegetales<\/h3>\n<p><a href=\"https:\/\/happygardener.gr\/es\/category\/jardin-y-naturaleza\/huerto\/\"><\/a><\/p>\n<\/li>\n<li>\n<p>        <img decoding=\"async\" src=\"\/wp-content\/uploads\/journal-post-when-apples-are-in-season-intro.jpg\" alt=\"\"><\/p>\n<h3>Arboricultura<\/h3>\n<p><a href=\"https:\/\/happygardener.gr\/es\/category\/jardin-y-naturaleza\/arboles-frutales\/\"><\/a><\/p>\n<\/li>\n<li>\n<p>        <img decoding=\"async\" src=\"\/wp-content\/uploads\/2021\/06\/gallery-home-3.jpg\" alt=\"\"><\/p>\n<h3>Flores Ornamentales<\/h3>\n<p><a href=\"https:\/\/happygardener.gr\/es\/category\/jardin-y-naturaleza\/flores-ornamentales\/\"><\/a><\/p>\n<\/li>\n<li>\n<p>        <img decoding=\"async\" src=\"\/wp-content\/uploads\/2021\/06\/gallery-home-4.jpg\" alt=\"\"><\/p>\n<h3>Hierbas<\/h3>\n<p><a href=\"https:\/\/happygardener.gr\/es\/category\/jardin-y-naturaleza\/hierbas\/\"><\/a><\/p>\n<\/li>\n<li>\n<p>        <img decoding=\"async\" src=\"\/wp-content\/uploads\/2021\/06\/gallery-home-5.jpg\" alt=\"\"><\/p>\n<h3>Mascotas<\/h3>\n<p><a href=\"https:\/\/happygardener.gr\/es\/category\/jardin-y-naturaleza\/mascotas\/\"><\/a><\/p>\n<\/li>\n<li>\n<p>        <img decoding=\"async\" src=\"\/wp-content\/uploads\/2021\/06\/gallery-home-6.jpg\" alt=\"\"><\/p>\n<h3>Recetas saludables<\/h3>\n<p><a href=\"https:\/\/happygardener.gr\/es\/category\/dieta\/recetas-saludables\/\"><\/a><\/p>\n<\/li>\n<\/ul>\n<h1>\u00faltimos art\u00edculos<\/h1>\n<div>\n<\/div>\n<p><!--more--><br \/>\n<!-- {\"name\":\"home\",\"type\":\"layout\",\"children\":[{\"type\":\"section\",\"props\":{\"style\":\"default\",\"width\":\"xsmall\",\"vertical_align\":\"middle\",\"title_position\":\"bottom-right\",\"title_rotation\":\"left\",\"title_breakpoint\":\"xl\",\"image_position\":\"top-center\",\"text_color\":\"light\",\"height\":\"full\",\"padding\":\"large\",\"header_transparent\":\"light\",\"image\":\"wp-content\\\/uploads\\\/2021\\\/06\\\/P1070270.jpg\",\"padding_remove_top\":false,\"image_size\":\"cover\",\"image_effect\":\"parallax\",\"image_width\":\"2560\",\"overlap\":false,\"header_transparent_noplaceholder\":false,\"title\":\"Live through nature\",\"image_parallax_bgy_start\":\"-5vh\",\"image_parallax_bgy_end\":\"4vh\",\"padding_remove_bottom\":false},\"children\":[{\"type\":\"row\",\"children\":[{\"type\":\"column\",\"props\":{\"image_position\":\"center-center\",\"media_overlay_gradient\":\"\",\"width_medium\":\"1-1\"},\"children\":[{\"type\":\"headline\",\"props\":{\"title_element\":\"h1\",\"title_style\":\"heading-large\",\"text_align\":\"center\",\"content\":\"Happy Gardener\",\"title_font_family\":\"primary\",\"title_color\":\"primary\"}},{\"type\":\"divider\",\"props\":{\"divider_element\":\"div\",\"divider_style\":\"\",\"divider_align\":\"\",\"divider_align_breakpoint\":\"\",\"divider_align_fallback\":\"\"}}]}],\"props\":{\"width\":\"expand\",\"margin_remove_bottom\":true}}],\"name\":\"Hero\"},{\"type\":\"section\",\"props\":{\"style\":\"default\",\"width\":\"large\",\"vertical_align\":\"middle\",\"title_position\":\"center-left\",\"title_rotation\":\"left\",\"title_breakpoint\":\"xl\",\"image_position\":\"top-right\",\"width_expand\":\"right\",\"padding\":\"large\",\"title\":\"For Beginners and Experts\",\"padding_remove_top\":false,\"image\":\"wp-content\\\/uploads\\\/circle-bg-02.svg\",\"image_effect\":\"parallax\",\"image_parallax_breakpoint\":\"s\",\"image_parallax_bgy_start\":\"-20vh\",\"image_parallax_bgy_end\":\"-80vh\",\"padding_remove_bottom\":false,\"media_visibility\":\"s\"},\"children\":[{\"type\":\"row\",\"props\":{\"margin_remove_top\":true,\"margin_remove_bottom\":true,\"margin\":\"small\"},\"children\":[{\"type\":\"column\",\"props\":{\"image_position\":\"center-center\",\"media_overlay_gradient\":\"\",\"width_medium\":\"1-1\",\"style\":\"primary\",\"preserve_color\":true,\"padding\":\"small\"},\"children\":[{\"type\":\"headline\",\"props\":{\"title_element\":\"div\",\"title_style\":\"h3\",\"margin\":\"small\",\"content\":\"Naturaleza y Nutrici\\u00f3n\",\"margin_remove_bottom\":false,\"title_font_family\":\"tertiary\",\"title_color\":\"success\"}},{\"type\":\"headline\",\"props\":{\"title_element\":\"h2\",\"title_style\":\"heading-small\",\"margin\":\"small\",\"maxwidth\":\"2xlarge\",\"content\":\"\\u00a1Todo lo que necesita saber, desde jardiner\\u00eda hasta una nutrici\\u00f3n adecuada!\",\"margin_remove_bottom\":false,\"margin_remove_top\":false,\"title_font_family\":\"primary\"}}]}]},{\"type\":\"row\",\"children\":[{\"type\":\"column\",\"props\":{\"image_position\":\"center-center\",\"media_overlay_gradient\":\"\"},\"children\":[{\"type\":\"gallery\",\"props\":{\"show_title\":true,\"show_meta\":true,\"show_content\":true,\"show_link\":true,\"show_hover_image\":true,\"grid_default\":\"2\",\"grid_medium\":\"4\",\"filter_style\":\"tab\",\"filter_all\":true,\"filter_position\":\"top\",\"filter_align\":\"left\",\"filter_grid_width\":\"auto\",\"filter_grid_breakpoint\":\"m\",\"overlay_mode\":\"cover\",\"overlay_hover\":true,\"overlay_style\":\"overlay-primary\",\"text_color\":\"light\",\"overlay_position\":\"center\",\"overlay_transition\":\"fade\",\"title_hover_style\":\"reset\",\"title_element\":\"h3\",\"meta_style\":\"meta\",\"meta_align\":\"below-title\",\"meta_element\":\"div\",\"link_text\":\"\",\"link_style\":\"default\",\"text_align\":\"center\",\"margin\":\"default\",\"item_animation\":true,\"grid_column_align\":false,\"grid_large\":\"4\",\"grid_xlarge\":\"4\",\"filter\":true,\"filter_animation\":\"delayed-fade\",\"image_box_shadow\":\"medium\",\"overlay_link\":true,\"image_transition\":\"scale-up\"},\"children\":[{\"type\":\"gallery_item\",\"props\":{\"image\":\"wp-content\\\/uploads\\\/2021\\\/05\\\/garden-home.jpg\",\"title\":\"Jard\\u00edn\",\"content\":\"\n\n<p>Consejos de jardiner\\u00eda<\\\/p>\",\"link\":\"https:\\\/\\\/happygardener.gr\\\/es\\\/category\\\/jardin-y-naturaleza\\\/\"}},{\"type\":\"gallery_item\",\"props\":{\"image\":\"wp-content\\\/uploads\\\/2021\\\/05\\\/diatrofi-home.jpg\",\"title\":\"Nutricion\",\"content\":\"\n\n<p>Consejos de salud y bienestar<\\\/p>\",\"link\":\"https:\\\/\\\/happygardener.gr\\\/es\\\/category\\\/dieta\\\/\"}},{\"type\":\"gallery_item\",\"props\":{\"image\":\"wp-content\\\/uploads\\\/2021\\\/05\\\/natural-cosmetics-home.jpg\",\"title\":\"DIY creaciones\",\"content\":\"\n\n<p>Cosm\\u00e9ticos y detergentes caseros<\\\/p>\",\"link\":\"https:\\\/\\\/happygardener.gr\\\/es\\\/category\\\/cosmetica-natural\\\/\"}},{\"type\":\"gallery_item\",\"props\":{\"image\":\"wp-content\\\/uploads\\\/2021\\\/05\\\/moon-calendar-home.jpg\",\"title\":\"Calendario Lunar\",\"content\":\"\n\n<p>Para jardiner\\u00eda y cuidado personal<\\\/p>\",\"link\":\"https:\\\/\\\/happygardener.gr\\\/es\\\/category\\\/calendario-lunar\\\/\"}}]}]}],\"props\":{\"margin_remove_bottom\":true}}],\"name\":\"Services\"},{\"type\":\"section\",\"props\":{\"style\":\"default\",\"width\":\"\",\"vertical_align\":\"middle\",\"title_position\":\"top-left\",\"title_rotation\":\"left\",\"title_breakpoint\":\"xl\",\"image_position\":\"center-center\",\"padding\":\"large\",\"padding_remove_bottom\":false,\"padding_remove_top\":false},\"children\":[{\"type\":\"row\",\"props\":{\"layout\":\"1-3,2-3\",\"margin_remove_top\":true,\"margin_remove_bottom\":false,\"match\":false,\"column_gap\":\"collapse\",\"row_gap\":\"collapse\"},\"children\":[{\"type\":\"column\",\"props\":{\"image_position\":\"center-center\",\"media_overlay_gradient\":\"\",\"style\":\"default\",\"padding\":\"none\",\"image\":\"wp-content\\\/uploads\\\/recipes-post-lemon-garlic-kale-salad.jpg\",\"image_size\":\"cover\",\"image_effect\":\"parallax\",\"image_parallax_breakpoint\":\"m\",\"image_width\":\"860\",\"image_parallax_bgy_start\":\"2vh\",\"image_parallax_bgy_end\":\"-5vh\",\"width_large\":\"1-3\"},\"children\":[]},{\"type\":\"column\",\"props\":{\"image_position\":\"bottom-right\",\"media_overlay_gradient\":\"\",\"vertical_align\":\"middle\",\"style\":\"secondary\",\"padding\":\"large\",\"preserve_color\":false,\"image\":\"\",\"image_effect\":\"parallax\",\"image_parallax_breakpoint\":\"s\",\"image_parallax_bgx_start\":\"120\",\"image_parallax_bgy_start\":\"100\",\"image_parallax_bgy_end\":\"-50\",\"image_parallax_bgx_end\":\"120\",\"width_large\":\"2-3\",\"media_visibility\":\"s\"},\"children\":[{\"type\":\"headline\",\"props\":{\"title_element\":\"div\",\"title_style\":\"h3\",\"maxwidth\":\"xlarge\",\"block_align\":\"center\",\"block_align_fallback\":\"center\",\"text_align\":\"left\",\"text_align_breakpoint\":\"m\",\"text_align_fallback\":\"center\",\"content\":\"Peque\\u00f1a granja\",\"margin_remove_bottom\":true,\"title_font_family\":\"tertiary\"}},{\"type\":\"headline\",\"props\":{\"title_element\":\"h2\",\"title_style\":\"heading-small\",\"margin\":\"small\",\"maxwidth\":\"xlarge\",\"text_align\":\"left\",\"text_align_breakpoint\":\"m\",\"text_align_fallback\":\"center\",\"content\":\"\\u00a1Cultiva tus propias frutas y verduras!\",\"block_align\":\"center\",\"block_align_breakpoint\":\"m\",\"block_align_fallback\":\"center\"}},{\"type\":\"text\",\"props\":{\"margin\":\"default\",\"column_breakpoint\":\"m\",\"maxwidth\":\"xlarge\",\"text_align\":\"left\",\"text_align_breakpoint\":\"m\",\"text_align_fallback\":\"center\",\"content\":\"\n\n<p>\\u00a1Desde el cultivo de una huerta y el cuidado de nuestros \\u00e1rboles, hasta el cuidado de nuestras mascotas!<\\\/p>\",\"margin_remove_top\":false,\"block_align\":\"center\",\"block_align_breakpoint\":\"m\",\"block_align_fallback\":\"center\"}},{\"type\":\"gallery\",\"props\":{\"show_title\":true,\"show_meta\":true,\"show_content\":true,\"show_link\":true,\"show_hover_image\":true,\"grid_default\":\"3\",\"grid_medium\":\"\",\"filter_style\":\"tab\",\"filter_all\":true,\"filter_position\":\"top\",\"filter_align\":\"left\",\"filter_grid_width\":\"auto\",\"overlay_mode\":\"cover\",\"overlay_hover\":true,\"overlay_style\":\"overlay-primary\",\"text_color\":\"\",\"overlay_position\":\"center\",\"overlay_transition\":\"fade\",\"title_element\":\"h3\",\"meta_style\":\"meta\",\"meta_align\":\"below-title\",\"link_text\":\"\",\"link_style\":\"default\",\"text_align\":\"center\",\"margin\":\"\",\"item_animation\":true,\"margin_remove_bottom\":false,\"block_align\":\"center\",\"block_align_breakpoint\":\"m\",\"block_align_fallback\":\"center\",\"grid_column_gap\":\"small\",\"grid_row_gap\":\"small\",\"filter_grid_breakpoint\":\"m\",\"title_hover_style\":\"reset\",\"meta_element\":\"div\",\"filter\":false,\"title_font_family\":\"primary\",\"lightbox\":true,\"overlay_transition_background\":false,\"overlay_padding\":\"small\",\"image_transition\":\"scale-up\",\"overlay_link\":true},\"children\":[{\"type\":\"gallery_item\",\"props\":{\"image\":\"wp-content\\\/uploads\\\/2021\\\/06\\\/gallery-home-1.jpg\",\"title\":\"Huerto de vegetales\",\"link\":\"https:\\\/\\\/happygardener.gr\\\/es\\\/category\\\/jardin-y-naturaleza\\\/huerto\\\/\"}},{\"type\":\"gallery_item\",\"props\":{\"image\":\"wp-content\\\/uploads\\\/journal-post-when-apples-are-in-season-intro.jpg\",\"title\":\"Arboricultura\",\"link\":\"https:\\\/\\\/happygardener.gr\\\/es\\\/category\\\/jardin-y-naturaleza\\\/arboles-frutales\\\/\"}},{\"type\":\"gallery_item\",\"props\":{\"image\":\"wp-content\\\/uploads\\\/2021\\\/06\\\/gallery-home-3.jpg\",\"title\":\"Flores Ornamentales\",\"link\":\"https:\\\/\\\/happygardener.gr\\\/es\\\/category\\\/jardin-y-naturaleza\\\/flores-ornamentales\\\/\"}},{\"type\":\"gallery_item\",\"props\":{\"title\":\"Hierbas\",\"image\":\"wp-content\\\/uploads\\\/2021\\\/06\\\/gallery-home-4.jpg\",\"link\":\"https:\\\/\\\/happygardener.gr\\\/es\\\/category\\\/jardin-y-naturaleza\\\/hierbas\\\/\"}},{\"type\":\"gallery_item\",\"props\":{\"title\":\"Mascotas\",\"image\":\"wp-content\\\/uploads\\\/2021\\\/06\\\/gallery-home-5.jpg\",\"link\":\"https:\\\/\\\/happygardener.gr\\\/es\\\/category\\\/jardin-y-naturaleza\\\/mascotas\\\/\"}},{\"type\":\"gallery_item\",\"props\":{\"title\":\"Recetas saludables\",\"image\":\"wp-content\\\/uploads\\\/2021\\\/06\\\/gallery-home-6.jpg\",\"link\":\"https:\\\/\\\/happygardener.gr\\\/es\\\/category\\\/dieta\\\/recetas-saludables\\\/\"}}]}]}]}],\"name\":\"Rentals\"},{\"type\":\"section\",\"props\":{\"style\":\"default\",\"width\":\"large\",\"vertical_align\":\"middle\",\"title_position\":\"center-left\",\"title_rotation\":\"left\",\"title_breakpoint\":\"xl\",\"image_position\":\"center-center\",\"width_expand\":\"right\",\"padding\":\"none\",\"title\":\"\",\"padding_remove_top\":false},\"children\":[{\"type\":\"row\",\"children\":[{\"type\":\"column\",\"props\":{\"image_position\":\"center-center\",\"media_overlay_gradient\":\"\",\"width_medium\":\"1-1\"},\"children\":[{\"type\":\"headline\",\"props\":{\"title_element\":\"h1\",\"content\":\"\\u00faltimos art\\u00edculos\"}}]}]},{\"type\":\"row\",\"children\":[{\"type\":\"column\",\"props\":{\"image_position\":\"center-center\",\"media_overlay_gradient\":\"\"},\"children\":[{\"type\":\"grid\",\"props\":{\"show_title\":true,\"show_meta\":true,\"show_content\":true,\"show_image\":true,\"show_link\":true,\"grid_default\":\"1\",\"grid_medium\":\"4\",\"filter_style\":\"tab\",\"filter_all\":true,\"filter_position\":\"top\",\"filter_align\":\"left\",\"filter_grid_width\":\"auto\",\"filter_grid_breakpoint\":\"m\",\"title_hover_style\":\"reset\",\"title_element\":\"h3\",\"title_align\":\"top\",\"title_grid_width\":\"1-2\",\"title_grid_breakpoint\":\"m\",\"meta_style\":\"meta\",\"meta_align\":\"below-title\",\"meta_element\":\"div\",\"content_column_breakpoint\":\"m\",\"icon_width\":80,\"image_align\":\"top\",\"image_grid_width\":\"1-2\",\"image_grid_breakpoint\":\"m\",\"image_svg_color\":\"emphasis\",\"link_text\":\"\\u03a0\\u03b5\\u03c1\\u03b9\\u03c3\\u03c3\\u03cc\\u03c4\\u03b5\\u03c1\\u03b1\",\"link_style\":\"default\",\"margin\":\"default\",\"item_animation\":true,\"grid_column_gap\":\"small\",\"grid_row_gap\":\"small\",\"panel_link\":true,\"panel_content_padding\":\"small\",\"title_style\":\"h4\",\"image_link\":true},\"children\":[{\"type\":\"grid_item\",\"props\":{\"panel_style\":\"card-primary\"},\"source\":{\"query\":{\"name\":\"posts.customPosts\",\"arguments\":{\"terms\":[3,10,11,9,6,2,17,8,14,15,7,16,12,5,4],\"offset\":0,\"limit\":4,\"order\":\"date\",\"order_direction\":\"DESC\"}},\"props\":{\"title\":{\"filters\":{\"search\":\"\"},\"name\":\"title\"},\"image\":{\"filters\":{\"search\":\"\"},\"name\":\"featuredImage.url\"},\"link\":{\"filters\":{\"search\":\"\"},\"name\":\"link\"}}}}]}]}]}],\"name\":\"Call to Action\"}],\"version\":\"2.5.10\"} --><\/p>\n","protected":false},"excerpt":{"rendered":"<p>Happy Gardener Naturaleza y Nutrici\u00f3n \u00a1Todo lo que necesita saber, desde jardiner\u00eda hasta una nutrici\u00f3n adecuada! Jard\u00edn Consejos de jardiner\u00eda Nutricion Consejos de salud y bienestar DIY creaciones Cosm\u00e9ticos y detergentes caseros Calendario Lunar Para jardiner\u00eda y cuidado personal Peque\u00f1a granja \u00a1Cultiva tus propias frutas y verduras! \u00a1Desde el cultivo de una huerta y el [&hellip;]<\/p>\n","protected":false},"author":1,"featured_media":0,"parent":0,"menu_order":0,"comment_status":"closed","ping_status":"closed","template":"","meta":{"footnotes":""},"class_list":["post-392","page","type-page","status-publish","hentry"],"aioseo_notices":[],"_links":{"self":[{"href":"https:\/\/happygardener.gr\/es\/wp-json\/wp\/v2\/pages\/392","targetHints":{"allow":["GET"]}}],"collection":[{"href":"https:\/\/happygardener.gr\/es\/wp-json\/wp\/v2\/pages"}],"about":[{"href":"https:\/\/happygardener.gr\/es\/wp-json\/wp\/v2\/types\/page"}],"author":[{"embeddable":true,"href":"https:\/\/happygardener.gr\/es\/wp-json\/wp\/v2\/users\/1"}],"replies":[{"embeddable":true,"href":"https:\/\/happygardener.gr\/es\/wp-json\/wp\/v2\/comments?post=392"}],"version-history":[{"count":0,"href":"https:\/\/happygardener.gr\/es\/wp-json\/wp\/v2\/pages\/392\/revisions"}],"wp:attachment":[{"href":"https:\/\/happygardener.gr\/es\/wp-json\/wp\/v2\/media?parent=392"}],"curies":[{"name":"wp","href":"https:\/\/api.w.org\/{rel}","templated":true}]}}